{"id":1068,"date":"2025-08-11T08:00:16","date_gmt":"2025-08-11T12:00:16","guid":{"rendered":"https:\/\/www.echo-inc.org\/donar\/donar-bienes\/"},"modified":"2026-02-12T17:13:16","modified_gmt":"2026-02-12T22:13:16","slug":"donar-bienes","status":"publish","type":"page","link":"https:\/\/www.echo-inc.org\/es\/donar\/donar-bienes\/","title":{"rendered":"Donar bienes"},"content":{"rendered":"\n<h1>\n\t\t\tDonate Goods\t<\/h1>\n\t\t\t<a href=\"#food\" target=\"_self\">\n\t\t\t\t\t\t\tFood\n\t\t\t\t\t<\/a>\n\t\t\t<a href=\"#clothing\" target=\"_self\">\n\t\t\t\t\t\t\tClothing\n\t\t\t\t\t<\/a>\n\t\t\t<a href=\"#housewares\" target=\"_self\">\n\t\t\t\t\t\t\tHousewares\n\t\t\t\t\t<\/a>\n\t\t\t<a href=\"#amazon-wishlist\" target=\"_self\">\n\t\t\t\t\t\t\tAmazon Wishlist\n\t\t\t\t\t<\/a>\n\t\t\t\t<img decoding=\"async\" src=\"https:\/\/www.echo-inc.org\/wp-content\/uploads\/2025\/09\/event-placeholder-1-8.jpg\" alt=\"event-placeholder-1\" itemprop=\"image\" height=\"940\" width=\"1072\" title=\"event-placeholder-1\" onerror=\"this.style.display='none'\" loading=\"lazy\" \/>\n<h2>\n\t\t\tWhat to Donate\t<\/h2>\n\t<p>ECHO provides vital support to neighbors in the Springfield\/Burke community, and your donations make it possible. Just 1.2 pounds of food can provide a meal-and so far this fiscal year, ECHO has distributed <strong>314,362 pounds of food in fiscal year 2025<\/strong>, the equivalent of <strong>261,968 meals<\/strong> for local families.<\/p>\n<p>This kind of impact is only possible because of generous donors like you. In addition to food, we gratefully accept clothing, household items and school supplies to help families meet basic needs. Also consider donating from our <a href=\"https:\/\/www.amazon.com\/hz\/wishlist\/ls\/1NPONMD7U0IS2?ref_=wl_share\" target=\"_blank\" rel=\"noopener\">Amazon Wishlist<\/a>.<\/p>\n<p>To ensure your donation is put to good use, please review our <a href=\"https:\/\/www.echo-inc.org\/wp-content\/uploads\/2025\/10\/What-ECHO-Can-and-Cannot-Accept.pdf\" target=\"_blank\" rel=\"noopener\">list of items we can and cannot accept<\/a> before donating.<\/p>\n<h2>\n\t\t\tFood &#038; Personal Items\t<\/h2>\n\t<p>Each month, ECHO gives out thousands more pounds of food than we receive. The need in our community has remained high since the pandemic, and every donation-large or small-helps us bridge that gap. To make the greatest impact, please keep the following tips in mind:<\/p>\n\t<ul>\n<li>Use our <strong>Most Needed Food Items list<\/strong> to select a variety of nutritional foods.<\/li>\n<li><strong>Choose family-friendly sizes<\/strong>-our average household has four people.<\/li>\n<li>Provide a variety of items to support balanced meals.<\/li>\n<li>There is always a need for food staples and personal care products as these are in high demand.<\/li>\n<li><strong>Please do not donate expired, opened, or repackaged food<\/strong>. We cannot distribute it.<\/li>\n<li><strong>Please do not collect perishables without consulting with us first<\/strong>, as storage for perishables is extremely limited.<\/li>\n<\/ul>\n<h2>\n\t\t\tMost Needed Items\t<\/h2>\n\t\t\t\t<h3 itemprop=\"name description\">Food Items<\/h3>\n<p><img loading=\"lazy\" decoding=\"async\" src=\"https:\/\/www.echo-inc.org\/wp-content\/uploads\/2018\/04\/echo_logo.png\" alt=\"ECHO Logo\" width=\"432\" height=\"214\" \/><\/p>\n<h3>ECHO&#8217;s Food Items<\/h3>\n<ul>\n<li><strong>Bag Beans<\/strong> (black, red or garbanzo beans preferred)<\/li>\n<li><strong>Lentils<\/strong><\/li>\n<li><strong>Canned Fruit<\/strong> (100% juice)<\/li>\n<li><strong>Cereal\/Oatmeal<\/strong> (Low sugar)<\/li>\n<li><strong>Can Tomatoes, Tomato paste and sauce<\/strong><\/li>\n<li><strong>Can Milk, Shelf Stable Milk and Hot Chocolate<\/strong><\/li>\n<li><strong>Snacks<\/strong> (Crackers, raisins, granola bars, dry fruit, nuts, etc.)<\/li>\n<li><strong>Baked Beans<\/strong><\/li>\n<li><strong>Coffee<\/strong> (Instant and Ground)<\/li>\n<li><strong>Honey<\/strong><\/li>\n<li><strong>Pancake Syrup<\/strong><\/li>\n<li><strong>Cooking Oil<\/strong><\/li>\n<li><strong>Non-Salt Spices<\/strong> (cinnamon, cumin, pepper, garlic powder, onion powder)<\/li>\n<li><strong>Masa (Corn) Flour<\/strong><\/li>\n<li><strong>Sugar <\/strong>(Granulated)<\/li>\n<li><strong>Lemon or Lime Juice<\/strong><\/li>\n<li><strong>Tortillas<\/strong> (corn and flour)<\/li>\n<li><strong>Condiments<\/strong> (Ketchup, Mayonnaise, Mustard)<\/li>\n<li><strong>Macaroni and Cheese<\/strong><\/li>\n<li><strong>Canned Meat<\/strong> (Spam, beef stew, chili, chicken etc.)<\/li>\n<li><strong>Paper Bags<\/strong> (Brown Grocery and Reusable)<\/li>\n<li><strong>Newspaper plastic sleeves<\/strong><\/li>\n<li><strong>Paper boxes<\/strong> (that hold reams of 8 1\/2 x 11 paper)<\/li>\n<\/ul>\n\t\t\t\t<h3 itemprop=\"name description\">Personal Care Items<\/h3>\n<p><img loading=\"lazy\" decoding=\"async\" src=\"https:\/\/www.echo-inc.org\/wp-content\/uploads\/2018\/04\/echo_logo.png\" alt=\"ECHO Logo\" width=\"432\" height=\"214\" \/><\/p>\n<h3>ECHO&#8217;s Personal Care Items<\/h3>\n<ul>\n<li><strong>Toilet Paper<\/strong><\/li>\n<li><strong>Facial Tissues<\/strong><\/li>\n<li><strong>Toothpaste<\/strong><\/li>\n<li><strong>Razors<\/strong><\/li>\n<li><strong>Shampoo<\/strong><\/li>\n<li><strong>Laundry Detergent<\/strong><\/li>\n<li><strong>Paper Towels<\/strong><\/li>\n<li><strong>Body\/Hand Lotion<\/strong><\/li>\n<li><strong>Band Aids<\/strong><\/li>\n<li><strong>Diapers &#8211; Sizes 2, 4, 5, 6<\/strong><\/li>\n<li><strong>Sanitary Napkins<\/strong><\/li>\n<\/ul>\n\t<button onclick=\"printSection('#printFoodItems')\">Print Food Items<\/button>\n<button onclick=\"printSection('#printPersonalCare')\">Print Personal Care Items<\/button>\n<h2>\n\t\t\tConvenient Food Drop Off Locations\t<\/h2>\n\t<p>In addition to the donation door at ECHO located at 7205 Old Keene Mill Rd, Springfield, VA, 22150, ECHO has multiple community drop boxes for food and hygiene donations only located at District Government Offices and six Giant Food stores:<\/p>\n<h3>\n\t\t\tGovernment Offices\t<\/h3>\n\t<ul>\n<li><strong>Franconia District<\/strong>: <a href=\"https:\/\/maps.app.goo.gl\/qfbWwnafPX4Pdn7i8\" target=\"_blank\" rel=\"noopener\">6121 Franconia Rd<\/a> &#8211; open 24\/7<\/li>\n<li><strong>Braddock District<\/strong>: <a href=\"https:\/\/maps.app.goo.gl\/Z5wjSFLs1LvwDeE99\" target=\"_blank\" rel=\"noopener\">9002 Burke Lake Rd<\/a> &#8211; weekdays 9 AM-5 PM, and until 9 PM Mon\/Tues via Kings Park Library<\/li>\n<li><strong>West Springfield<\/strong>: <a href=\"https:\/\/maps.app.goo.gl\/VtSDJxGeZagK3L2W8\" target=\"_blank\" rel=\"noopener\">6140 Rolling Rd<\/a> (Police Station Lobby) &#8211; open 24\/7<\/li>\n<\/ul>\n<h3>\n\t\t\t  Giant Food Stores\t<\/h3>\n\t<ul>\n<li><strong>Cardinal Forest<\/strong> &#8211; <a href=\"https:\/\/maps.app.goo.gl\/DkZ2KpxXuL1VKQVM6\" target=\"_blank\" rel=\"noopener\">8320 Old Keene Mill Rd, Springfield<\/a><\/li>\n<li><strong>Huntsman<\/strong> &#8211; <a href=\"https:\/\/maps.app.goo.gl\/ugXUzxgZVse4dktg8\" target=\"_blank\" rel=\"noopener\">7501 Huntsman Blvd, Springfield<\/a><\/li>\n<li><strong>Saratoga<\/strong> &#8211; <a href=\"https:\/\/maps.app.goo.gl\/fCuhsMSgqN5TpskU7\" target=\"_blank\" rel=\"noopener\">8074 Rolling Rd, Springfield<\/a><\/li>\n<li><strong>Springfield Plaza<\/strong> &#8211; <a href=\"https:\/\/maps.app.goo.gl\/bcz6AcqTYZKjcwCq9\" target=\"_blank\" rel=\"noopener\">6364A Springfield Plaza<\/a><\/li>\n<li><strong>Crossroads<\/strong> &#8211; <a href=\"https:\/\/maps.app.goo.gl\/siMNFpNZmz9Mk1JWA\" target=\"_blank\" rel=\"noopener\">3480 S. Jefferson St, Falls Church<\/a><\/li>\n<li><strong>Kings Park<\/strong> &#8211; <a href=\"https:\/\/maps.app.goo.gl\/f5SSSb87fXUWwar78\" target=\"_blank\" rel=\"noopener\">8970 Burke Lake Rd, Springfield<\/a><\/li>\n<\/ul>\n\t<p>Special thanks to Summit Church for maintaining the drop boxes at some Giant Food locations.<\/p>\n<h2>\n\t\t\tClothing Donations\t<\/h2>\n\t<p>Each year, ECHO distributes thousands of bags of clothing and more than 1,250 coats and jackets to neighbors in need. Your donations help families stay warm, confident and better equipped to manage daily life.<\/p>\n<p>We accept clean, gently used clothing in current styles for all ages. All underwear and socks must be new. Please ensure all items are in good condition-no stains, tears or missing buttons\/zippers.<\/p>\n<h3>\n\t\t\tMen&#8217;s and Boy&#8217;s Clothing\t<\/h3>\n<p><img loading=\"lazy\" decoding=\"async\" src=\"https:\/\/www.echo-inc.org\/wp-content\/uploads\/2018\/04\/echo_logo.png\" alt=\"ECHO Logo\" width=\"432\" height=\"214\" \/><\/p>\n<h3>ECHO&#8217;s Men&#8217;s and Boy&#8217;s Clothing List<\/h3>\n<ul>\n<li><strong>Boy&#8217;s Sneakers<\/strong> &#8211; Sizes: 1 thru 6<\/li>\n<li><strong>Boy&#8217;s Tops\/Bottoms<\/strong> &#8211; Sizes: 18 months to 20<\/li>\n<li><strong>Boy&#8217;s New Underwear<\/strong> &#8211; Sizes: 2T-20<\/li>\n<li><strong>Boy&#8217;s Winter Jackets<\/strong> &#8211; Sizes: 10\/12, 14\/16, 18\/20<\/li>\n<li><strong>Boy&#8217;s 0-6 months Tops, Onesies, Bottoms, Pajamas, Sleep Sacks, Swaddle Wraps, Hooded Bath Towels<\/strong><\/li>\n<li><strong>Boy&#8217;s New Athletic Socks<\/strong> &#8211; Sizes: L, XL<\/li>\n<li><strong>Men&#8217;s Jeans<\/strong> &#8211; Sizes: 30\/30, 30\/32, 32\/30, 32\/32<\/li>\n<li><strong>Men&#8217;s Winter Coats<\/strong> &#8211; Sizes: S, M, L<\/li>\n<li><strong>Men&#8217;s Sneakers<\/strong> &#8211; Sizes: 7, 8, 9, 10, 11, 12<\/li>\n<li><strong>Men&#8217;s New Underwear<\/strong> &#8211; Sizes: 28\/30, 32\/34, 36\/38<\/li>\n<\/ul>\n\t<button onclick=\"printSection('#printBoyClothing')\">Print Men&#8217;s and Boy&#8217;s Clothing<\/button>\n\t\t\t\t<img decoding=\"async\" src=\"https:\/\/www.echo-inc.org\/wp-content\/uploads\/2025\/09\/event-placeholder-1-4-2.jpg\" alt=\"event-placeholder-1 (4)\" itemprop=\"image\" height=\"940\" width=\"1180\" title=\"event-placeholder-1 (4)\" onerror=\"this.style.display='none'\" loading=\"lazy\" \/>\n\t\t\t\t<img decoding=\"async\" src=\"https:\/\/www.echo-inc.org\/wp-content\/uploads\/2025\/09\/event-placeholder-1-5-1.jpg\" alt=\"event-placeholder-1 (5)\" itemprop=\"image\" height=\"412\" width=\"590\" title=\"event-placeholder-1 (5)\" onerror=\"this.style.display='none'\" loading=\"lazy\" \/>\n<h3>\n\t\t\tWomen and Girl&#8217;s Clothing\t<\/h3>\n\t<img loading=\"lazy\" decoding=\"async\" src=\"https:\/\/www.echo-inc.org\/wp-content\/uploads\/2018\/04\/echo_logo.png\" alt=\"ECHO Logo\" width=\"432\" height=\"214\" \/>\n<h3>ECHO&#8217;s Women and Girl&#8217;s Clothing List<\/h3>\n<ul>\n<li><strong>Girl&#8217;s Sneakers<\/strong> &#8211; Sizes 1 thru 6<\/li>\n<li><strong>Girl&#8217;s Tops\/Bottoms<\/strong> &#8211; Sizes 18 months to 20<\/li>\n<li><strong>Girl&#8217;s Winter Jackets<\/strong> &#8211; Sizes 10\/12, 14\/16, 18\/20<\/li>\n<li><strong>Girls New Athletic Socks<\/strong> &#8211; Sizes S, M, L, XL<\/li>\n<li><strong>Women&#8217;s Winter Jackets<\/strong> &#8211; Sizes S, M, L, XL<\/li>\n<li><strong>Women&#8217;s Sneakers<\/strong> &#8211; Sizes 5, 6, 7, 8, 9, 10, 11, 12<\/li>\n<li><strong>Women&#8217;s New Athletic Socks<\/strong><\/li>\n<\/ul>\n\t<button onclick=\"printSection('#printGirlClothing')\">Print Women and Girl&#8217;s Clothing<\/button>\n\t<p>Your thoughtful donations bring dignity and comfort to families right here in the Springfield\/Burke community. Thank you for giving generously.<\/p>\n<h2>\n\t\t\tHousewares\t<\/h2>\n\t<p>ECHO gratefully accepts clean, gently used household items to help local families settle in and stretch their budgets. Each year, we distribute everything from sheets and towels to cookware, tableware, small appliances, and even laptops.<\/p>\n\t<p><img loading=\"lazy\" decoding=\"async\" src=\"https:\/\/www.echo-inc.org\/wp-content\/uploads\/2018\/04\/echo_logo.png\" alt=\"ECHO Logo\" width=\"432\" height=\"214\" \/><\/p>\n<h3>ECHO&#8217;s Houseware List<\/h3>\n<p>Please ensure linens are new or like new, freshly washed, undamaged, and labeled by size. All items should be clean, complete, and in good working condition.<\/p>\n<ul>\n<li><strong>Towel sets<\/strong> (bath towel, hand towel, and facecloth)<\/li>\n<li><strong>Hand towels in gray or white<\/strong> (neutral colors to match our bath towel inventory)<\/li>\n<li><strong>Facecloths in gray or white<\/strong> (neutral colors to match our bath towel inventory)<\/li>\n<li><strong>2-4 qt. saucepans with lids<\/strong><\/li>\n<li><strong>4-6 qt. pots with lids<\/strong><\/li>\n<li><strong>Flatware<\/strong> (knives, forks, spoons)<\/li>\n<li><strong>Tall drinking glasses<\/strong> (glass only)<\/li>\n<li><strong>White coffee mugs<\/strong> (used to complete dish sets)<\/li>\n<li><strong>Toasters\/toaster ovens<\/strong><\/li>\n<li><strong>Electric coffee pots<\/strong><\/li>\n<li><strong>Electric hand mixers<\/strong><\/li>\n<li><strong>Working Windows laptops<\/strong><\/li>\n<\/ul>\n\t<button onclick=\"printSection('#printHouseWare')\">Print Houseware<\/button>\n\t\t\t<a href=\"https:\/\/www.echo-inc.org\/get-involved\/#host-a-drive\" target=\"_self\">\n\t\t\t\t\t\t\tPlan a Donation Drive\n\t\t\t\t\t<\/a>\n\t\t\t<a href=\"https:\/\/www.echo-inc.org\/donate\/seasonal-programs\/\" target=\"_self\">\n\t\t\t\t\t\t\tDonate to a Seasonal Program\n\t\t\t\t\t<\/a>\n\t\t\t\t<img decoding=\"async\" src=\"https:\/\/www.echo-inc.org\/wp-content\/uploads\/2025\/09\/event-placeholder-1-3-2.jpg\" alt=\"event-placeholder-1 (3)\" itemprop=\"image\" height=\"706\" width=\"1168\" title=\"event-placeholder-1 (3)\" onerror=\"this.style.display='none'\" loading=\"lazy\" \/>\n<h2>\n\t\t\tAmazon Wishlist\t<\/h2>\n\t<p>You can support ECHO by ordering from our <a href=\"https:\/\/www.amazon.com\/hz\/wishlist\/ls\/1NPONMD7U0IS2?ref_=wl_share\" target=\"_blank\" rel=\"noopener\" data-fpl-component=\"primitive\">Amazon Wishlist<\/a>. It features frequently needed food, clothing, household, and school supplies that aren&#8217;t always covered by donations. Your purchase ships directly to ECHO and helps reduce what we may need to buy to serve neighbors in need.<\/p>\n\t\t\t<a href=\"https:\/\/www.amazon.com\/hz\/wishlist\/ls\/1NPONMD7U0IS2?ref_=wl_share\" target=\"_blank\" rel=\"noopener\">\n\t\t\t\t\t\t\tShop the Wishlist\n\t\t\t\t\t<\/a>\n<h3>\n\t\t\tItems ECHO Can and Cannot Accept\t<\/h3>\n\t<p>We welcome donations that best support our clients&#8217; needs. To help us help others, please avoid items that are torn, dirty, broken, or not listed in our current guidelines. Learn more about what ECHO can and cannot accept.<\/p>\n\t\t\t<a href=\"https:\/\/www.echo-inc.org\/wp-content\/uploads\/2025\/10\/What-ECHO-Can-and-Cannot-Accept.pdf\" target=\"_blank\" rel=\"noopener\">\n\t\t\t\t\t\t\tView List\n\t\t\t\t\t<\/a>\n\t\t\t<a href=\"https:\/\/www.echo-inc.org\/get-help\/\" target=\"_self\">\n\t\t\t\t\t\t\tGet Help\n\t\t\t\t\t<\/a>\n\t<p>ECHO connects people in need with meaningful support-so they can regain stability and move forward with dignity.<\/p>\n\t\t\t<a href=\"https:\/\/www.echo-inc.org\/donate\/\" target=\"_self\">\n\t\t\t\t\t\t\tDonate \n\t\t\t\t\t<\/a>\n\t<p>ECHO makes it easy to give locally and make a difference where it matters most.<\/p>\n\t\t\t<a href=\"https:\/\/www.echo-inc.org\/get-involved\/\" target=\"_self\">\n\t\t\t\t\t\t\tGet Involved\n\t\t\t\t\t<\/a>\n\t<p>Get involved with ECHO to serve neighbors in need and help build a stronger, more connected community.<\/p>\n\n","protected":false},"excerpt":{"rendered":"<p>Donate Goods Food Clothing Housewares Amazon Wishlist What to Donate ECHO provides vital support to neighbors in the Springfield\/Burke community, and your donations make it possible. Just 1.2 pounds of&hellip;<\/p>\n","protected":false},"author":2,"featured_media":1070,"parent":1022,"menu_order":10,"comment_status":"closed","ping_status":"closed","template":"","meta":{"_acf_changed":false,"_monsterinsights_skip_tracking":false,"_monsterinsights_sitenote_active":false,"_monsterinsights_sitenote_note":"","_monsterinsights_sitenote_category":0,"footnotes":""},"class_list":["post-1068","page","type-page","status-publish","has-post-thumbnail","hentry"],"acf":[],"yoast_head":"<!-- This site is optimized with the Yoast SEO plugin v27.3 - https:\/\/yoast.com\/product\/yoast-seo-wordpress\/ -->\n<title>Donar bienes | Qu\u00e9 donar | ECHO, Inc<\/title>\n<meta name=\"description\" content=\"Done bienes a ECHO, como ropa, art\u00edculos para el hogar y material escolar. Sus art\u00edculos usados en buen estado ayudan directamente a las familias necesitadas.\" \/>\n<meta name=\"robots\" content=\"index, follow, max-snippet:-1, max-image-preview:large, max-video-preview:-1\" \/>\n<link rel=\"canonical\" href=\"https:\/\/www.echo-inc.org\/es\/donar\/donar-bienes\/\" \/>\n<meta property=\"og:locale\" content=\"es_ES\" \/>\n<meta property=\"og:type\" content=\"article\" \/>\n<meta property=\"og:title\" content=\"Donar bienes | Qu\u00e9 donar | ECHO, Inc\" \/>\n<meta property=\"og:description\" content=\"Done bienes a ECHO, como ropa, art\u00edculos para el hogar y material escolar. Sus art\u00edculos usados en buen estado ayudan directamente a las familias necesitadas.\" \/>\n<meta property=\"og:url\" content=\"https:\/\/www.echo-inc.org\/es\/donar\/donar-bienes\/\" \/>\n<meta property=\"og:site_name\" content=\"ECHO, Inc.\" \/>\n<meta property=\"article:publisher\" content=\"https:\/\/www.facebook.com\/EcumenicalCommunityHelpingOthers\/\" \/>\n<meta property=\"article:modified_time\" content=\"2026-02-12T22:13:16+00:00\" \/>\n<meta property=\"og:image\" content=\"https:\/\/www.echo-inc.org\/wp-content\/uploads\/2025\/09\/Rectangle-24-1-1-scaled.jpg\" \/>\n\t<meta property=\"og:image:width\" content=\"2560\" \/>\n\t<meta property=\"og:image:height\" content=\"794\" \/>\n\t<meta property=\"og:image:type\" content=\"image\/jpeg\" \/>\n<meta name=\"twitter:card\" content=\"summary_large_image\" \/>\n<meta name=\"twitter:label1\" content=\"Tiempo de lectura\" \/>\n\t<meta name=\"twitter:data1\" content=\"5 minutos\" \/>\n<script type=\"application\/ld+json\" class=\"yoast-schema-graph\">{\"@context\":\"https:\\\/\\\/schema.org\",\"@graph\":[{\"@type\":\"WebPage\",\"@id\":\"https:\\\/\\\/www.echo-inc.org\\\/es\\\/donar\\\/donar-bienes\\\/\",\"url\":\"https:\\\/\\\/www.echo-inc.org\\\/es\\\/donar\\\/donar-bienes\\\/\",\"name\":\"Donar bienes | Qu\u00e9 donar | ECHO, Inc\",\"isPartOf\":{\"@id\":\"https:\\\/\\\/www.echo-inc.org\\\/es\\\/#website\"},\"primaryImageOfPage\":{\"@id\":\"https:\\\/\\\/www.echo-inc.org\\\/es\\\/donar\\\/donar-bienes\\\/#primaryimage\"},\"image\":{\"@id\":\"https:\\\/\\\/www.echo-inc.org\\\/es\\\/donar\\\/donar-bienes\\\/#primaryimage\"},\"thumbnailUrl\":\"https:\\\/\\\/www.echo-inc.org\\\/wp-content\\\/uploads\\\/2025\\\/09\\\/Rectangle-24-1-1-scaled.jpg\",\"datePublished\":\"2025-08-11T12:00:16+00:00\",\"dateModified\":\"2026-02-12T22:13:16+00:00\",\"description\":\"Done bienes a ECHO, como ropa, art\u00edculos para el hogar y material escolar. Sus art\u00edculos usados en buen estado ayudan directamente a las familias necesitadas.\",\"breadcrumb\":{\"@id\":\"https:\\\/\\\/www.echo-inc.org\\\/es\\\/donar\\\/donar-bienes\\\/#breadcrumb\"},\"inLanguage\":\"es\",\"potentialAction\":[{\"@type\":\"ReadAction\",\"target\":[\"https:\\\/\\\/www.echo-inc.org\\\/es\\\/donar\\\/donar-bienes\\\/\"]}]},{\"@type\":\"ImageObject\",\"inLanguage\":\"es\",\"@id\":\"https:\\\/\\\/www.echo-inc.org\\\/es\\\/donar\\\/donar-bienes\\\/#primaryimage\",\"url\":\"https:\\\/\\\/www.echo-inc.org\\\/wp-content\\\/uploads\\\/2025\\\/09\\\/Rectangle-24-1-1-scaled.jpg\",\"contentUrl\":\"https:\\\/\\\/www.echo-inc.org\\\/wp-content\\\/uploads\\\/2025\\\/09\\\/Rectangle-24-1-1-scaled.jpg\",\"width\":2560,\"height\":794,\"caption\":\"Donar bienes\"},{\"@type\":\"BreadcrumbList\",\"@id\":\"https:\\\/\\\/www.echo-inc.org\\\/es\\\/donar\\\/donar-bienes\\\/#breadcrumb\",\"itemListElement\":[{\"@type\":\"ListItem\",\"position\":1,\"name\":\"Home\",\"item\":\"https:\\\/\\\/www.echo-inc.org\\\/es\\\/\"},{\"@type\":\"ListItem\",\"position\":2,\"name\":\"Donar\",\"item\":\"https:\\\/\\\/www.echo-inc.org\\\/es\\\/donar\\\/\"},{\"@type\":\"ListItem\",\"position\":3,\"name\":\"Donar bienes\"}]},{\"@type\":\"WebSite\",\"@id\":\"https:\\\/\\\/www.echo-inc.org\\\/es\\\/#website\",\"url\":\"https:\\\/\\\/www.echo-inc.org\\\/es\\\/\",\"name\":\"ECHO, Inc.\",\"description\":\"Neighbors Helping Neighbors for Over 55 Years\",\"publisher\":{\"@id\":\"https:\\\/\\\/www.echo-inc.org\\\/es\\\/#organization\"},\"potentialAction\":[{\"@type\":\"SearchAction\",\"target\":{\"@type\":\"EntryPoint\",\"urlTemplate\":\"https:\\\/\\\/www.echo-inc.org\\\/es\\\/?s={search_term_string}\"},\"query-input\":{\"@type\":\"PropertyValueSpecification\",\"valueRequired\":true,\"valueName\":\"search_term_string\"}}],\"inLanguage\":\"es\"},{\"@type\":\"Organization\",\"@id\":\"https:\\\/\\\/www.echo-inc.org\\\/es\\\/#organization\",\"name\":\"ECHO, Inc.\",\"url\":\"https:\\\/\\\/www.echo-inc.org\\\/es\\\/\",\"logo\":{\"@type\":\"ImageObject\",\"inLanguage\":\"es\",\"@id\":\"https:\\\/\\\/www.echo-inc.org\\\/es\\\/#\\\/schema\\\/logo\\\/image\\\/\",\"url\":\"https:\\\/\\\/www.echo-inc.org\\\/wp-content\\\/uploads\\\/2018\\\/04\\\/echo_logo.png\",\"contentUrl\":\"https:\\\/\\\/www.echo-inc.org\\\/wp-content\\\/uploads\\\/2018\\\/04\\\/echo_logo.png\",\"width\":432,\"height\":214,\"caption\":\"ECHO, Inc.\"},\"image\":{\"@id\":\"https:\\\/\\\/www.echo-inc.org\\\/es\\\/#\\\/schema\\\/logo\\\/image\\\/\"},\"sameAs\":[\"https:\\\/\\\/www.facebook.com\\\/EcumenicalCommunityHelpingOthers\\\/\",\"https:\\\/\\\/www.linkedin.com\\\/company\\\/ecumenicalcommunityhelpingothers\",\"https:\\\/\\\/www.instagram.com\\\/echoinc22150\\\/\"]}]}<\/script>\n<!-- \/ Yoast SEO plugin. -->","yoast_head_json":{"title":"Donar bienes | Qu\u00e9 donar | ECHO, Inc","description":"Done bienes a ECHO, como ropa, art\u00edculos para el hogar y material escolar. Sus art\u00edculos usados en buen estado ayudan directamente a las familias necesitadas.","robots":{"index":"index","follow":"follow","max-snippet":"max-snippet:-1","max-image-preview":"max-image-preview:large","max-video-preview":"max-video-preview:-1"},"canonical":"https:\/\/www.echo-inc.org\/es\/donar\/donar-bienes\/","og_locale":"es_ES","og_type":"article","og_title":"Donar bienes | Qu\u00e9 donar | ECHO, Inc","og_description":"Done bienes a ECHO, como ropa, art\u00edculos para el hogar y material escolar. Sus art\u00edculos usados en buen estado ayudan directamente a las familias necesitadas.","og_url":"https:\/\/www.echo-inc.org\/es\/donar\/donar-bienes\/","og_site_name":"ECHO, Inc.","article_publisher":"https:\/\/www.facebook.com\/EcumenicalCommunityHelpingOthers\/","article_modified_time":"2026-02-12T22:13:16+00:00","og_image":[{"width":2560,"height":794,"url":"https:\/\/www.echo-inc.org\/wp-content\/uploads\/2025\/09\/Rectangle-24-1-1-scaled.jpg","type":"image\/jpeg"}],"twitter_card":"summary_large_image","twitter_misc":{"Tiempo de lectura":"5 minutos"},"schema":{"@context":"https:\/\/schema.org","@graph":[{"@type":"WebPage","@id":"https:\/\/www.echo-inc.org\/es\/donar\/donar-bienes\/","url":"https:\/\/www.echo-inc.org\/es\/donar\/donar-bienes\/","name":"Donar bienes | Qu\u00e9 donar | ECHO, Inc","isPartOf":{"@id":"https:\/\/www.echo-inc.org\/es\/#website"},"primaryImageOfPage":{"@id":"https:\/\/www.echo-inc.org\/es\/donar\/donar-bienes\/#primaryimage"},"image":{"@id":"https:\/\/www.echo-inc.org\/es\/donar\/donar-bienes\/#primaryimage"},"thumbnailUrl":"https:\/\/www.echo-inc.org\/wp-content\/uploads\/2025\/09\/Rectangle-24-1-1-scaled.jpg","datePublished":"2025-08-11T12:00:16+00:00","dateModified":"2026-02-12T22:13:16+00:00","description":"Done bienes a ECHO, como ropa, art\u00edculos para el hogar y material escolar. Sus art\u00edculos usados en buen estado ayudan directamente a las familias necesitadas.","breadcrumb":{"@id":"https:\/\/www.echo-inc.org\/es\/donar\/donar-bienes\/#breadcrumb"},"inLanguage":"es","potentialAction":[{"@type":"ReadAction","target":["https:\/\/www.echo-inc.org\/es\/donar\/donar-bienes\/"]}]},{"@type":"ImageObject","inLanguage":"es","@id":"https:\/\/www.echo-inc.org\/es\/donar\/donar-bienes\/#primaryimage","url":"https:\/\/www.echo-inc.org\/wp-content\/uploads\/2025\/09\/Rectangle-24-1-1-scaled.jpg","contentUrl":"https:\/\/www.echo-inc.org\/wp-content\/uploads\/2025\/09\/Rectangle-24-1-1-scaled.jpg","width":2560,"height":794,"caption":"Donar bienes"},{"@type":"BreadcrumbList","@id":"https:\/\/www.echo-inc.org\/es\/donar\/donar-bienes\/#breadcrumb","itemListElement":[{"@type":"ListItem","position":1,"name":"Home","item":"https:\/\/www.echo-inc.org\/es\/"},{"@type":"ListItem","position":2,"name":"Donar","item":"https:\/\/www.echo-inc.org\/es\/donar\/"},{"@type":"ListItem","position":3,"name":"Donar bienes"}]},{"@type":"WebSite","@id":"https:\/\/www.echo-inc.org\/es\/#website","url":"https:\/\/www.echo-inc.org\/es\/","name":"ECHO, Inc.","description":"Neighbors Helping Neighbors for Over 55 Years","publisher":{"@id":"https:\/\/www.echo-inc.org\/es\/#organization"},"potentialAction":[{"@type":"SearchAction","target":{"@type":"EntryPoint","urlTemplate":"https:\/\/www.echo-inc.org\/es\/?s={search_term_string}"},"query-input":{"@type":"PropertyValueSpecification","valueRequired":true,"valueName":"search_term_string"}}],"inLanguage":"es"},{"@type":"Organization","@id":"https:\/\/www.echo-inc.org\/es\/#organization","name":"ECHO, Inc.","url":"https:\/\/www.echo-inc.org\/es\/","logo":{"@type":"ImageObject","inLanguage":"es","@id":"https:\/\/www.echo-inc.org\/es\/#\/schema\/logo\/image\/","url":"https:\/\/www.echo-inc.org\/wp-content\/uploads\/2018\/04\/echo_logo.png","contentUrl":"https:\/\/www.echo-inc.org\/wp-content\/uploads\/2018\/04\/echo_logo.png","width":432,"height":214,"caption":"ECHO, Inc."},"image":{"@id":"https:\/\/www.echo-inc.org\/es\/#\/schema\/logo\/image\/"},"sameAs":["https:\/\/www.facebook.com\/EcumenicalCommunityHelpingOthers\/","https:\/\/www.linkedin.com\/company\/ecumenicalcommunityhelpingothers","https:\/\/www.instagram.com\/echoinc22150\/"]}]}},"_links":{"self":[{"href":"https:\/\/www.echo-inc.org\/es\/wp-json\/wp\/v2\/pages\/1068","targetHints":{"allow":["GET"]}}],"collection":[{"href":"https:\/\/www.echo-inc.org\/es\/wp-json\/wp\/v2\/pages"}],"about":[{"href":"https:\/\/www.echo-inc.org\/es\/wp-json\/wp\/v2\/types\/page"}],"author":[{"embeddable":true,"href":"https:\/\/www.echo-inc.org\/es\/wp-json\/wp\/v2\/users\/2"}],"replies":[{"embeddable":true,"href":"https:\/\/www.echo-inc.org\/es\/wp-json\/wp\/v2\/comments?post=1068"}],"version-history":[{"count":0,"href":"https:\/\/www.echo-inc.org\/es\/wp-json\/wp\/v2\/pages\/1068\/revisions"}],"up":[{"embeddable":true,"href":"https:\/\/www.echo-inc.org\/es\/wp-json\/wp\/v2\/pages\/1022"}],"wp:featuredmedia":[{"embeddable":true,"href":"https:\/\/www.echo-inc.org\/es\/wp-json\/wp\/v2\/media\/1070"}],"wp:attachment":[{"href":"https:\/\/www.echo-inc.org\/es\/wp-json\/wp\/v2\/media?parent=1068"}],"curies":[{"name":"wp","href":"https:\/\/api.w.org\/{rel}","templated":true}]}}