{"id":1012,"date":"2025-08-11T08:00:23","date_gmt":"2025-08-11T12:00:23","guid":{"rendered":"https:\/\/www.echo-inc.org\/contactenos\/"},"modified":"2025-08-11T08:00:23","modified_gmt":"2025-08-11T12:00:23","slug":"contactenos","status":"publish","type":"page","link":"https:\/\/www.echo-inc.org\/es\/contactenos\/","title":{"rendered":"Cont\u00e1ctenos"},"content":{"rendered":"","protected":false},"excerpt":{"rendered":"","protected":false},"author":2,"featured_media":1011,"parent":0,"menu_order":10,"comment_status":"closed","ping_status":"closed","template":"","meta":{"_acf_changed":false,"_monsterinsights_skip_tracking":false,"_monsterinsights_sitenote_active":false,"_monsterinsights_sitenote_note":"","_monsterinsights_sitenote_category":0,"footnotes":""},"class_list":["post-1012","page","type-page","status-publish","has-post-thumbnail","hentry"],"acf":[],"yoast_head":"<!-- This site is optimized with the Yoast SEO plugin v27.3 - https:\/\/yoast.com\/product\/yoast-seo-wordpress\/ -->\n<title>Contacte con ECHO | P\u00f3ngase en contacto con nosotros<\/title>\n<meta name=\"description\" content=\"P\u00f3ngase en contacto con ECHO para solicitar ayuda, realizar donaciones o resolver dudas sobre voluntariado. Aqu\u00ed encontrar\u00e1 nuestro n\u00famero de tel\u00e9fono, correo electr\u00f3nico, direcci\u00f3n y horario de atenci\u00f3n.\" \/>\n<meta name=\"robots\" content=\"index, follow, max-snippet:-1, max-image-preview:large, max-video-preview:-1\" \/>\n<link rel=\"canonical\" href=\"https:\/\/www.echo-inc.org\/es\/contactenos\/\" \/>\n<meta property=\"og:locale\" content=\"es_ES\" \/>\n<meta property=\"og:type\" content=\"article\" \/>\n<meta property=\"og:title\" content=\"Contacte con ECHO | P\u00f3ngase en contacto con nosotros\" \/>\n<meta property=\"og:description\" content=\"P\u00f3ngase en contacto con ECHO para solicitar ayuda, realizar donaciones o resolver dudas sobre voluntariado. Aqu\u00ed encontrar\u00e1 nuestro n\u00famero de tel\u00e9fono, correo electr\u00f3nico, direcci\u00f3n y horario de atenci\u00f3n.\" \/>\n<meta property=\"og:url\" content=\"https:\/\/www.echo-inc.org\/es\/contactenos\/\" \/>\n<meta property=\"og:site_name\" content=\"ECHO, Inc.\" \/>\n<meta property=\"article:publisher\" content=\"https:\/\/www.facebook.com\/EcumenicalCommunityHelpingOthers\/\" \/>\n<meta property=\"og:image\" content=\"https:\/\/www.echo-inc.org\/wp-content\/uploads\/2025\/09\/Building-no-wires.jpg\" \/>\n\t<meta property=\"og:image:width\" content=\"640\" \/>\n\t<meta property=\"og:image:height\" content=\"283\" \/>\n\t<meta property=\"og:image:type\" content=\"image\/jpeg\" \/>\n<meta name=\"twitter:card\" content=\"summary_large_image\" \/>\n<script type=\"application\/ld+json\" class=\"yoast-schema-graph\">{\"@context\":\"https:\\\/\\\/schema.org\",\"@graph\":[{\"@type\":\"WebPage\",\"@id\":\"https:\\\/\\\/www.echo-inc.org\\\/es\\\/contactenos\\\/\",\"url\":\"https:\\\/\\\/www.echo-inc.org\\\/es\\\/contactenos\\\/\",\"name\":\"Contacte con ECHO | P\u00f3ngase en contacto con nosotros\",\"isPartOf\":{\"@id\":\"https:\\\/\\\/www.echo-inc.org\\\/es\\\/#website\"},\"primaryImageOfPage\":{\"@id\":\"https:\\\/\\\/www.echo-inc.org\\\/es\\\/contactenos\\\/#primaryimage\"},\"image\":{\"@id\":\"https:\\\/\\\/www.echo-inc.org\\\/es\\\/contactenos\\\/#primaryimage\"},\"thumbnailUrl\":\"https:\\\/\\\/www.echo-inc.org\\\/wp-content\\\/uploads\\\/2025\\\/09\\\/Building-no-wires.jpg\",\"datePublished\":\"2025-08-11T12:00:23+00:00\",\"description\":\"P\u00f3ngase en contacto con ECHO para solicitar ayuda, realizar donaciones o resolver dudas sobre voluntariado. Aqu\u00ed encontrar\u00e1 nuestro n\u00famero de tel\u00e9fono, correo electr\u00f3nico, direcci\u00f3n y horario de atenci\u00f3n.\",\"breadcrumb\":{\"@id\":\"https:\\\/\\\/www.echo-inc.org\\\/es\\\/contactenos\\\/#breadcrumb\"},\"inLanguage\":\"es\",\"potentialAction\":[{\"@type\":\"ReadAction\",\"target\":[\"https:\\\/\\\/www.echo-inc.org\\\/es\\\/contactenos\\\/\"]}]},{\"@type\":\"ImageObject\",\"inLanguage\":\"es\",\"@id\":\"https:\\\/\\\/www.echo-inc.org\\\/es\\\/contactenos\\\/#primaryimage\",\"url\":\"https:\\\/\\\/www.echo-inc.org\\\/wp-content\\\/uploads\\\/2025\\\/09\\\/Building-no-wires.jpg\",\"contentUrl\":\"https:\\\/\\\/www.echo-inc.org\\\/wp-content\\\/uploads\\\/2025\\\/09\\\/Building-no-wires.jpg\",\"width\":640,\"height\":283},{\"@type\":\"BreadcrumbList\",\"@id\":\"https:\\\/\\\/www.echo-inc.org\\\/es\\\/contactenos\\\/#breadcrumb\",\"itemListElement\":[{\"@type\":\"ListItem\",\"position\":1,\"name\":\"Home\",\"item\":\"https:\\\/\\\/www.echo-inc.org\\\/es\\\/\"},{\"@type\":\"ListItem\",\"position\":2,\"name\":\"Cont\u00e1ctenos\"}]},{\"@type\":\"WebSite\",\"@id\":\"https:\\\/\\\/www.echo-inc.org\\\/es\\\/#website\",\"url\":\"https:\\\/\\\/www.echo-inc.org\\\/es\\\/\",\"name\":\"ECHO, Inc.\",\"description\":\"Neighbors Helping Neighbors for Over 55 Years\",\"publisher\":{\"@id\":\"https:\\\/\\\/www.echo-inc.org\\\/es\\\/#organization\"},\"potentialAction\":[{\"@type\":\"SearchAction\",\"target\":{\"@type\":\"EntryPoint\",\"urlTemplate\":\"https:\\\/\\\/www.echo-inc.org\\\/es\\\/?s={search_term_string}\"},\"query-input\":{\"@type\":\"PropertyValueSpecification\",\"valueRequired\":true,\"valueName\":\"search_term_string\"}}],\"inLanguage\":\"es\"},{\"@type\":\"Organization\",\"@id\":\"https:\\\/\\\/www.echo-inc.org\\\/es\\\/#organization\",\"name\":\"ECHO, Inc.\",\"url\":\"https:\\\/\\\/www.echo-inc.org\\\/es\\\/\",\"logo\":{\"@type\":\"ImageObject\",\"inLanguage\":\"es\",\"@id\":\"https:\\\/\\\/www.echo-inc.org\\\/es\\\/#\\\/schema\\\/logo\\\/image\\\/\",\"url\":\"https:\\\/\\\/www.echo-inc.org\\\/wp-content\\\/uploads\\\/2018\\\/04\\\/echo_logo.png\",\"contentUrl\":\"https:\\\/\\\/www.echo-inc.org\\\/wp-content\\\/uploads\\\/2018\\\/04\\\/echo_logo.png\",\"width\":432,\"height\":214,\"caption\":\"ECHO, Inc.\"},\"image\":{\"@id\":\"https:\\\/\\\/www.echo-inc.org\\\/es\\\/#\\\/schema\\\/logo\\\/image\\\/\"},\"sameAs\":[\"https:\\\/\\\/www.facebook.com\\\/EcumenicalCommunityHelpingOthers\\\/\",\"https:\\\/\\\/www.linkedin.com\\\/company\\\/ecumenicalcommunityhelpingothers\",\"https:\\\/\\\/www.instagram.com\\\/echoinc22150\\\/\"]}]}<\/script>\n<!-- \/ Yoast SEO plugin. -->","yoast_head_json":{"title":"Contacte con ECHO | P\u00f3ngase en contacto con nosotros","description":"P\u00f3ngase en contacto con ECHO para solicitar ayuda, realizar donaciones o resolver dudas sobre voluntariado. Aqu\u00ed encontrar\u00e1 nuestro n\u00famero de tel\u00e9fono, correo electr\u00f3nico, direcci\u00f3n y horario de atenci\u00f3n.","robots":{"index":"index","follow":"follow","max-snippet":"max-snippet:-1","max-image-preview":"max-image-preview:large","max-video-preview":"max-video-preview:-1"},"canonical":"https:\/\/www.echo-inc.org\/es\/contactenos\/","og_locale":"es_ES","og_type":"article","og_title":"Contacte con ECHO | P\u00f3ngase en contacto con nosotros","og_description":"P\u00f3ngase en contacto con ECHO para solicitar ayuda, realizar donaciones o resolver dudas sobre voluntariado. Aqu\u00ed encontrar\u00e1 nuestro n\u00famero de tel\u00e9fono, correo electr\u00f3nico, direcci\u00f3n y horario de atenci\u00f3n.","og_url":"https:\/\/www.echo-inc.org\/es\/contactenos\/","og_site_name":"ECHO, Inc.","article_publisher":"https:\/\/www.facebook.com\/EcumenicalCommunityHelpingOthers\/","og_image":[{"width":640,"height":283,"url":"https:\/\/www.echo-inc.org\/wp-content\/uploads\/2025\/09\/Building-no-wires.jpg","type":"image\/jpeg"}],"twitter_card":"summary_large_image","schema":{"@context":"https:\/\/schema.org","@graph":[{"@type":"WebPage","@id":"https:\/\/www.echo-inc.org\/es\/contactenos\/","url":"https:\/\/www.echo-inc.org\/es\/contactenos\/","name":"Contacte con ECHO | P\u00f3ngase en contacto con nosotros","isPartOf":{"@id":"https:\/\/www.echo-inc.org\/es\/#website"},"primaryImageOfPage":{"@id":"https:\/\/www.echo-inc.org\/es\/contactenos\/#primaryimage"},"image":{"@id":"https:\/\/www.echo-inc.org\/es\/contactenos\/#primaryimage"},"thumbnailUrl":"https:\/\/www.echo-inc.org\/wp-content\/uploads\/2025\/09\/Building-no-wires.jpg","datePublished":"2025-08-11T12:00:23+00:00","description":"P\u00f3ngase en contacto con ECHO para solicitar ayuda, realizar donaciones o resolver dudas sobre voluntariado. Aqu\u00ed encontrar\u00e1 nuestro n\u00famero de tel\u00e9fono, correo electr\u00f3nico, direcci\u00f3n y horario de atenci\u00f3n.","breadcrumb":{"@id":"https:\/\/www.echo-inc.org\/es\/contactenos\/#breadcrumb"},"inLanguage":"es","potentialAction":[{"@type":"ReadAction","target":["https:\/\/www.echo-inc.org\/es\/contactenos\/"]}]},{"@type":"ImageObject","inLanguage":"es","@id":"https:\/\/www.echo-inc.org\/es\/contactenos\/#primaryimage","url":"https:\/\/www.echo-inc.org\/wp-content\/uploads\/2025\/09\/Building-no-wires.jpg","contentUrl":"https:\/\/www.echo-inc.org\/wp-content\/uploads\/2025\/09\/Building-no-wires.jpg","width":640,"height":283},{"@type":"BreadcrumbList","@id":"https:\/\/www.echo-inc.org\/es\/contactenos\/#breadcrumb","itemListElement":[{"@type":"ListItem","position":1,"name":"Home","item":"https:\/\/www.echo-inc.org\/es\/"},{"@type":"ListItem","position":2,"name":"Cont\u00e1ctenos"}]},{"@type":"WebSite","@id":"https:\/\/www.echo-inc.org\/es\/#website","url":"https:\/\/www.echo-inc.org\/es\/","name":"ECHO, Inc.","description":"Neighbors Helping Neighbors for Over 55 Years","publisher":{"@id":"https:\/\/www.echo-inc.org\/es\/#organization"},"potentialAction":[{"@type":"SearchAction","target":{"@type":"EntryPoint","urlTemplate":"https:\/\/www.echo-inc.org\/es\/?s={search_term_string}"},"query-input":{"@type":"PropertyValueSpecification","valueRequired":true,"valueName":"search_term_string"}}],"inLanguage":"es"},{"@type":"Organization","@id":"https:\/\/www.echo-inc.org\/es\/#organization","name":"ECHO, Inc.","url":"https:\/\/www.echo-inc.org\/es\/","logo":{"@type":"ImageObject","inLanguage":"es","@id":"https:\/\/www.echo-inc.org\/es\/#\/schema\/logo\/image\/","url":"https:\/\/www.echo-inc.org\/wp-content\/uploads\/2018\/04\/echo_logo.png","contentUrl":"https:\/\/www.echo-inc.org\/wp-content\/uploads\/2018\/04\/echo_logo.png","width":432,"height":214,"caption":"ECHO, Inc."},"image":{"@id":"https:\/\/www.echo-inc.org\/es\/#\/schema\/logo\/image\/"},"sameAs":["https:\/\/www.facebook.com\/EcumenicalCommunityHelpingOthers\/","https:\/\/www.linkedin.com\/company\/ecumenicalcommunityhelpingothers","https:\/\/www.instagram.com\/echoinc22150\/"]}]}},"_links":{"self":[{"href":"https:\/\/www.echo-inc.org\/es\/wp-json\/wp\/v2\/pages\/1012","targetHints":{"allow":["GET"]}}],"collection":[{"href":"https:\/\/www.echo-inc.org\/es\/wp-json\/wp\/v2\/pages"}],"about":[{"href":"https:\/\/www.echo-inc.org\/es\/wp-json\/wp\/v2\/types\/page"}],"author":[{"embeddable":true,"href":"https:\/\/www.echo-inc.org\/es\/wp-json\/wp\/v2\/users\/2"}],"replies":[{"embeddable":true,"href":"https:\/\/www.echo-inc.org\/es\/wp-json\/wp\/v2\/comments?post=1012"}],"version-history":[{"count":0,"href":"https:\/\/www.echo-inc.org\/es\/wp-json\/wp\/v2\/pages\/1012\/revisions"}],"wp:featuredmedia":[{"embeddable":true,"href":"https:\/\/www.echo-inc.org\/es\/wp-json\/wp\/v2\/media\/1011"}],"wp:attachment":[{"href":"https:\/\/www.echo-inc.org\/es\/wp-json\/wp\/v2\/media?parent=1012"}],"curies":[{"name":"wp","href":"https:\/\/api.w.org\/{rel}","templated":true}]}}